{"id":22,"date":"2024-04-25T13:21:26","date_gmt":"2024-04-25T11:21:26","guid":{"rendered":"https:\/\/www.veiglbergler.de\/?page_id=22"},"modified":"2024-05-05T20:27:02","modified_gmt":"2024-05-05T18:27:02","slug":"satzung","status":"publish","type":"page","link":"https:\/\/www.veiglbergler.de\/index.php\/satzung\/","title":{"rendered":"Satzung"},"content":{"rendered":"\t\t<div data-elementor-type=\"wp-page\" data-elementor-id=\"22\" class=\"elementor elementor-22\">\n\t\t\t\t<div class=\"elementor-element elementor-element-b00f2e5 e-flex e-con-boxed e-con e-parent\" data-id=\"b00f2e5\" data-element_type=\"container\" data-e-type=\"container\">\n\t\t\t\t\t<div class=\"e-con-inner\">\n\t\t\t\t<div class=\"elementor-element elementor-element-7a542b5 elementor-widget elementor-widget-text-editor\" data-id=\"7a542b5\" data-element_type=\"widget\" data-e-type=\"widget\" data-widget_type=\"text-editor.default\">\n\t\t\t\t<div class=\"elementor-widget-container\">\n\t\t\t\t\t\t\t\t\t<p><b>Satzung<\/b><\/p><p><b>des<\/b><\/p><p><b>Gebirgstrachten-Erhaltungs-Vereins<\/b><\/p><p><b>\u201eVeiglbergler\u201c Neufahrn e. V.<\/b><\/p><p><b>\u00a0<\/b><\/p><p><b>1 Name, Sitz und Vereinsjahr<\/b><\/p><p><span style=\"font-weight: 400;\">Der Verein f\u00fchrt den Namen \u201eGebirgstrachten-Erhaltungs-Verein Veiglbergler Neufahrn e. V.\u201c. Der Verein hat seinen Sitz in Neufahrn und ist im Vereinsregister des Amtsgerichts M\u00fcnchen eingetragen. Das Vereinsjahr geht von Jahreshauptversammlung zu Jahreshauptversammlung, die jeweils im November stattfinden soll.<\/span><\/p><p><b>2 Zweck des Vereins<\/b><\/p><p><span style=\"font-weight: 400;\">\u00a0<\/span><span style=\"font-weight: 400;\">Zweck des Vereins ist, die bodenst\u00e4ndige bayerische Tracht sowie Sitten und Gebr\u00e4uche der Heimat zu erhalten. Der Satzungszweck wird verwirklicht, insbesondere durch die Erhaltung der original Miesbacher Tracht als Vereinstracht, die Pflege des bayerischen Liedgutes durch Gesang und Musizieren, die Pflege bayerischer Volkst\u00e4nze und Plattler. Der Verein gibt dieses Kulturgut an die Jugend weiter und sorgt so f\u00fcr die eigentliche Erhaltung.<\/span><\/p><p><b>3 Gemeinn\u00fctzigkeit<\/b><\/p><p><span style=\"font-weight: 400;\">a)<\/span> <span style=\"font-weight: 400;\">Der Verein verfolgt ausschlie\u00dflich und unmittelbar gemeinn\u00fctzige Zwecke im Sinne des Abschnitts \u201eSteuerbeg\u00fcnstigte Zwecke\u201c der Abgabenordnung. Der Satzungszweck, die F\u00f6rderung des Heimatgedankens (s. \u00a72) wird verwirklicht insbesondere durch den Unterhalt eines Vereinsheims zur Durchf\u00fchrung von regelm\u00e4\u00dfigen Plattlerproben und \u00e4hnlichen Veranstaltungen sowie die Teilnahme an ausw\u00e4rtigen Veranstaltungen, deren Zweck die F\u00f6rderung des Heimatgedankens ist.<\/span><\/p><p><span style=\"font-weight: 400;\">b)<\/span> <span style=\"font-weight: 400;\">Der Verein ist selbstlos t\u00e4tig; er verfolgt nicht in erster Linie eigenwirtschaftliche Zwecke<\/span><\/p><p><span style=\"font-weight: 400;\">c)<\/span> <span style=\"font-weight: 400;\">Mittel des Vereins d\u00fcrfen nur f\u00fcr die satzungsm\u00e4\u00dfigen Zwecke verwendet werden. Die Mitglieder erhalten keine Zuwendungen aus Mitteln des Vereins. Es darf keine Person durch Ausgaben, die dem Zweck des Vereins fremd sind, oder durch unverh\u00e4ltnism\u00e4\u00dfig hohe Verg\u00fctungen beg\u00fcnstigt werden.<\/span><\/p><p><span style=\"font-weight: 400;\">d)<\/span> <span style=\"font-weight: 400;\">Bei Aufl\u00f6sung oder Aufhebung des Vereins oder bei Wegfall seines bisherigen Zwecks f\u00e4llt das Verm\u00f6gen des Vereins an die Gemeinde Egling, die es unmittelbar und ausschlie\u00dflich f\u00fcr die selben Zwecke zu verwenden hat.<\/span><\/p><p><b>4 Mitgliedschaft<\/b><\/p><p><span style=\"font-weight: 400;\">Als Mitglieder k\u00f6nnen Personen, die das 16. Lebensjahr vollendet haben und sich zur Trachtensache bekennen, aufgenommen werden. Die Mitglieder unterteilen sich in aktive und passive Mitglieder, sowie Ehrenmitglieder. Alle Mitglieder sind stimmberechtigt.<\/span><\/p><p><span style=\"font-weight: 400;\">Aktive Mitglieder, die keine Vereinstracht besitzen, verpflichten sich, eine in absehbarer Zeit zu erwerben. Passive Mitglieder sind Freunde und G\u00f6nner des Vereins.<\/span><\/p><p><span style=\"font-weight: 400;\">Zum Ehrenmitglied kann ein Mitglied ernannt werden, wenn es sich in besonderer Weise um den Verein verdient gemacht hat.<\/span><\/p><p><span style=\"font-weight: 400;\">Zum Ehrenvorsitzenden kann ein Vorsitzender ernannt werden, wenn er sich in herausragender Weise, z. B. durch ganz besonders lange T\u00e4tigkeit als Vereinsvorsitzender, verdient gemacht hat.<\/span><\/p><p><b>5 Beginn der Mitgliedschaft<\/b><\/p><p><span style=\"font-weight: 400;\">Die Aufnahme ist beim Vorstand zu beantragen. \u00dcber den Aufnahmeantrag entscheidet die Vorstandschaft. Die Aufnahme kann ohne Angabe von Gr\u00fcnden verweigert werden. Die Aufnahme kann bei vereinsinternen Veranstaltungen erfolgen, wobei der Aufzunehmende anwesend sein muss. Dabei ist die von der Mitgliederversammlung festgelegte Aufnahmegeb\u00fchr zu entrichten.<\/span><\/p><p><b>6 Ende der Mitgliedschaft<\/b><\/p><p><span style=\"font-weight: 400;\">Die Beendigung der Mitgliedschaft erfolgt durch:<\/span><\/p><p><span style=\"font-weight: 400;\">-schriftliche Austrittserkl\u00e4rung<\/span><\/p><p><span style=\"font-weight: 400;\">-Ausschluss, d<\/span><span style=\"font-weight: 400;\">ieser kann erfolgen durch:<\/span><\/p><p><span style=\"font-weight: 400;\">a)<\/span> <span style=\"font-weight: 400;\">wenn ein Mitglied trotz zweimaliger Aufforderung seiner Beitragszahlungspflicht nicht nachkommt,<\/span><\/p><p><span style=\"font-weight: 400;\">b)<\/span> <span style=\"font-weight: 400;\">bei vereinssch\u00e4digendem Verhalten<\/span><\/p><p><span style=\"font-weight: 400;\">-durch den Tod.<\/span><\/p><p><span style=\"font-weight: 400;\">Nach Beendigung der Mitgliedschaft besteht kein Anspruch auf R\u00fcckerstattung von einbezahlten Beitr\u00e4gen und auch kein Anspruch auf Herausgabe von Vereinsverm\u00f6gen.<\/span><\/p><p><span style=\"font-weight: 400;\">\u00a0<\/span><b>7 Beitr\u00e4ge<\/b><\/p><p><span style=\"font-weight: 400;\">H\u00f6he und Art der von allen Mitgliedern zu leistenden Beitr\u00e4ge beschlie\u00dft die Mitgliederversammlung (Jahreshauptversammlung). Ehrenmitglieder sind beitragsfrei.<\/span><\/p><p><b>8 Rechte und Pflichten der Mitglieder<\/b><\/p><p><span style=\"font-weight: 400;\">Jedes Vereinsmitglied hat das Recht, an den Veranstaltungen des Vereins teilzunehmen und das Vereinsheim im Rahmen der beschlossenen Zeiten zu nutzen.<\/span><\/p><p><span style=\"font-weight: 400;\">Jedes Mitglied hat die Pflicht, sich an die Satzung zu halten, j\u00e4hrlich den festgelegten Vereinsbeitrag zu entrichten und bei Vereinsveranstaltungen und Festen, an welchen der Verein teilnimmt, in vollst\u00e4ndiger und sauberer Vereinstracht zu erscheinen. Den Anordnungen des Vorplattlers in den Plattlerproben ist Folge zu leisten.<\/span><\/p><p><span style=\"font-weight: 400;\">Alle Vereinsmitglieder sind aufgefordert, sich rege am Vereinsgeschehen zu beteiligen.<\/span><\/p><p><b>9 Organe des Vereins<\/b><\/p><p><span style=\"font-weight: 400;\">Die Organe des Vereins sind<\/span><\/p><p><span style=\"font-weight: 400;\">a)<\/span> <span style=\"font-weight: 400;\">der Vorstand (1. und 2. Vorsitzender)<\/span><\/p><p><span style=\"font-weight: 400;\">b)<\/span> <span style=\"font-weight: 400;\">die Vorstandschaft<\/span><\/p><p><span style=\"font-weight: 400;\">c)<\/span> <span style=\"font-weight: 400;\">der Vereinsausschuss<\/span><\/p><p><span style=\"font-weight: 400;\">d)<\/span> <span style=\"font-weight: 400;\">die Mitgliederversammlung (Jahreshauptversammlung)<\/span><\/p><p><span style=\"font-weight: 400;\">\u00a0<\/span><b>10 Leitung des Vereins<\/b><\/p><p><span style=\"font-weight: 400;\">Die laufenden Gesch\u00e4fte werden erledigt<\/span><\/p><p><span style=\"font-weight: 400;\">a)<\/span> <span style=\"font-weight: 400;\">nach au\u00dfen durch den Vorstand<\/span><\/p><p><span style=\"font-weight: 400;\">b)<\/span> <span style=\"font-weight: 400;\">nach innen durch die Vorstandschaft und den Vereinsausschuss<\/span><\/p><p><b>11 Zusammensetzung der Vorstandschaft und des Vereinsausschusses<\/b><\/p><p><span style=\"font-weight: 400;\">Die Vorstandschaft setzt sich zusammen aus<\/span><\/p><p><span style=\"font-weight: 400;\">dem Vorstand (1. und 2. Vorsitzender)<\/span><\/p><p><span style=\"font-weight: 400;\">dem 1. Kassier<\/span><\/p><p><span style=\"font-weight: 400;\">dem 1. Schriftf\u00fchrer<\/span><\/p><p><span style=\"font-weight: 400;\">dem 1. Vorplattler<\/span><\/p><p><span style=\"font-weight: 400;\">dem 1. Jugendvertreter<\/span><\/p><p><span style=\"font-weight: 400;\">Der Vereinsausschuss setzt sich aus der Vorstandschaft zusammen, zudem sollen weitere Vertreter des Vereinsausschusses gew\u00e4hlt werden, diese bestehen aus:<\/span><\/p><p><span style=\"font-weight: 400;\">dem 2. Kassier<\/span><\/p><p><span style=\"font-weight: 400;\">dem 2. Schriftf\u00fchrer<\/span><\/p><p><span style=\"font-weight: 400;\">dem 2. Vorplatter<\/span><\/p><p><span style=\"font-weight: 400;\">dem 2. Jugendvertreter<\/span><\/p><p><span style=\"font-weight: 400;\">dem 3. Jugendvertreter<\/span><\/p><p><span style=\"font-weight: 400;\">dem Vereinsdiener<\/span><\/p><p><span style=\"font-weight: 400;\">dem Pressewart<\/span><\/p><p><span style=\"font-weight: 400;\">dem Volksmusikwart<\/span><\/p><p><span style=\"font-weight: 400;\">der Frauenvertreterin<\/span><\/p><p><span style=\"font-weight: 400;\">den zwei Revisoren<\/span><\/p><p><span style=\"font-weight: 400;\">dem Inventarverwalter<\/span><\/p><p><span style=\"font-weight: 400;\">den Ehrenvorsitzenden.<\/span><\/p><p><span style=\"font-weight: 400;\">Die Hauptversammlung kann auf Vorschlag des Vorstands weitere Ausschussmitglieder w\u00e4hlen.<\/span><\/p><p><b>12 Aufgaben des Vorsitzenden, der Vorstandschaft und des Vereinsausschusses<\/b><\/p><p><span style=\"font-weight: 400;\">Die Leitung des Vereins obliegt dem Vorstand (s. \u00a7 10). Der Verein wird gerichtlich und au\u00dfergerichtlich durch den 1. und 2. Vorsitzenden vertreten, von denen jeder f\u00fcr sich allein vertretungsberechtigt ist (\u00a7 26 BGB). Der 2. Vorsitzende ist dem Verein gegen\u00fcber verpflichtet, nur t\u00e4tig zu werden in Absprache mit dem 1. Vorsitzenden oder wenn dieser verhindert ist.<\/span><\/p><p><span style=\"font-weight: 400;\">Die Vorstandschaft und der Vereinsausschuss leiten den Verein nach innen und beschlie\u00dfen \u00fcber alle anfallenden Vorg\u00e4nge. Die Vorstandschaft allein soll dabei nur t\u00e4tig werden, wenn wichtige Beschl\u00fcsse kurzfristig zu fassen sind.<\/span><\/p><p><b>\u00a0<\/b><b>13 Sitzung und Beschl\u00fcsse<\/b><\/p><p><span style=\"font-weight: 400;\">Der 1. Vorsitzende, im Falle der Verhinderung der 2. Vorsitzende, beruft die Sitzung der Vorstandschaft und des Vereinsausschusses ein. Vorstandschaft und Vereinsausschuss sind nur beschlussf\u00e4hig, wenn mindestens die H\u00e4lfte ihrer Mitglieder anwesend ist. Die Beschl\u00fcsse sind mit einfacher Mehrheit zu fassen. Bei Stimmengleichheit entscheidet der 1. Vorsitzende. Die Beschl\u00fcsse sind schriftlich niederzulegen und vom 1. Vorsitzenden und vom Schriftf\u00fchrer zu unterzeichnen.<\/span><\/p><p><b>14 Aufgaben der Ausschussmitglieder<\/b><\/p><p><span style=\"font-weight: 400;\">Die Aufgaben ergeben sich grunds\u00e4tzlich aus der Funktion der Ausschussmitglieder. Folgende sind jedoch vorrangig:<\/span><\/p><p><span style=\"font-weight: 400;\">&#8211; Der Kassier ist daf\u00fcr verantwortlich , dass jederzeit der richtige Barbestand vorliegt (Kasse und Bank)<\/span><\/p><p><span style=\"font-weight: 400;\">&#8211; Der Schriftf\u00fchrer hat s\u00e4mtliche schriftlichen Arbeiten zu erledigen, soweit sich dies der 1. Vorsitzende nicht vorbeh\u00e4lt.<\/span><\/p><p><span style=\"font-weight: 400;\">&#8211; Der Vorplattler hat die aktiven Mitglieder im Tanzen und Platteln zu unterrichten und die Plattlerproben zu leiten.<\/span><\/p><p><span style=\"font-weight: 400;\">&#8211; Der Jugendvertreter betreut die Jugendgruppe des Vereins.<\/span><\/p><p><span style=\"font-weight: 400;\">&#8211; Der Volksmusikwart hat die Aufgabe zur F\u00f6rderung und Pflege des bayerischen Liedgutes.<\/span><\/p><p><span style=\"font-weight: 400;\">&#8211; Der Vereinsdiener hebt den Jahresbeitrag ein und ist f\u00fcr die Information der Mitglieder zust\u00e4ndig.<\/span><\/p><p><span style=\"font-weight: 400;\">&#8211; Die Revisoren pr\u00fcfen am Ende des Vereinsjahres den Barbestand und die B\u00fccher<\/span><\/p><p><span style=\"font-weight: 400;\">&#8211; Der Inventarverwalter hat f\u00fcr die richtige Instandhaltung des Inventars zu sorgen.<\/span><\/p><p><span style=\"font-weight: 400;\">\u00a0<\/span><b>15 Mitgliederversammlung<\/b><\/p><p><span style=\"font-weight: 400;\">Die ordentliche Mitgliederversammlung (Jahreshauptversammlung) wird einmal im Kalenderjahr einberufen; sie soll zum Ende des Vereinsjahres im November stattfinden. Die Einberufung ergeht mindestens eine Woche vor dem vorgesehenen Termin durch den 1. Vorsitzenden, im Falle der Verhinderung durch den 2. Vorsitzenden, unter Mitteilung der Tagesordnung durch einfachen Brief und \u00f6ffentliche Bekanntgabe. Eine au\u00dferordentliche Mitgliederversammlung ist auf Verlangen von einem F\u00fcnftel aller Mitglieder oder auf Beschluss der Vorstandschaft einzuberufen.<\/span><\/p><p><span style=\"font-weight: 400;\">Die Beschl\u00fcsse und Wahlen einer Mitgliederversammlung sind schriftlich niederzulegen und vom 1. Vorsitzenden und vom Schriftf\u00fchrer zu unterzeichnen. Einmal im Jahr kann auch eine Fr\u00fchjahrsversammlung einberufen werden. Diese hat jedoch nur Informationscharakter.<\/span><\/p><p><span style=\"font-weight: 400;\">\u00a0<\/span><b>16 Aufgaben der Mitgliederversammlung<\/b><\/p><p><span style=\"font-weight: 400;\">(Jahreshauptversammlung)<\/span><\/p><p><span style=\"font-weight: 400;\">Die Mitgliederversammlung hat folgende Aufgaben:<\/span><\/p><p><span style=\"font-weight: 400;\">a)<\/span> <span style=\"font-weight: 400;\">Erstattung der Jahresberichte durch die Vorstandschaft und den Vereinsausschuss und die Entscheidung \u00fcber deren Entlastung,<\/span><\/p><p><span style=\"font-weight: 400;\">b)<\/span> <span style=\"font-weight: 400;\">Entscheidung \u00fcber evtl. Berufungen von Mitgliedern,<\/span><\/p><p><span style=\"font-weight: 400;\">c)<\/span> <span style=\"font-weight: 400;\">Wahl der Vorstandschaft und des Vereinsausschusses,<\/span><\/p><p><span style=\"font-weight: 400;\">d)<\/span> <span style=\"font-weight: 400;\">Wahl zweier Revisoren,<\/span><\/p><p><span style=\"font-weight: 400;\">e)<\/span> <span style=\"font-weight: 400;\">Entscheidung \u00fcber Satzungs\u00e4nderungen,<\/span><\/p><p><span style=\"font-weight: 400;\">f)<\/span> <span style=\"font-weight: 400;\">Entscheidung \u00fcber Vereinsaufl\u00f6sung.<\/span><\/p><p><b>17 Wahlen<\/b><\/p><p><span style=\"font-weight: 400;\">Der Vorstand, die Vorstandschaft und der Vereinsausschuss werden jeweils auf die Dauer von drei Jahren gew\u00e4hlt.<\/span><\/p><p><b>18 Beschlussfassung<\/b><\/p><p><span style=\"font-weight: 400;\">Die Mitgliederversammlung (Jahreshauptversammlung) entscheidet mit einfacher Mehrheit ohne R\u00fccksicht auf die Zahl der erschienenen Mitglieder. Bei Satzungs\u00e4nderungen ist die dreiviertel Mehrheit der anwesenden Mitglieder erforderlich. Wahlen haben in geheimer Anstimmung zu erfolgen. Der Vereinsausschuss kann per Akklamation gew\u00e4hlt werden.<\/span><\/p><p><span style=\"font-weight: 400;\">Bei einer Abstimmung \u00fcber Vereinaufl\u00f6sung hat eine zweimalige Abstimmung zu erfolgen, wobei die 2. Abstimmung mindestens vier Wochen sp\u00e4ter stattzufinden hat (s. auch \u00a7 20).<\/span><\/p><p><b>19 Stimmrecht und W\u00e4hlbarkeit<\/b><\/p><p><span style=\"font-weight: 400;\">Jedes Vereinsmitglied (s. \u00a7 4) ist stimmberechtigt.<\/span><\/p><p><span style=\"font-weight: 400;\">In den Vorstand und in die Vorstandschaft ist jedes vollj\u00e4hrige aktive Mitglied w\u00e4hlbar. In den Vereinsauschuss kann jedes aktive Mitglied gew\u00e4hlt werden.<\/span><\/p><p><b>20 Vereinsaufl\u00f6sung<\/b><\/p><p><span style=\"font-weight: 400;\">Der Verein muss aufgel\u00f6st werden, wenn die Zahl der Mitglieder nicht mehr als drei betr\u00e4gt.<\/span><\/p><p><span style=\"font-weight: 400;\">Der Barbestand sowie der Erl\u00f6s aus Inventarverkauf ist unmittelbar und ausschlie\u00dflich gemeinn\u00fctzigen Zwecken zuzuf\u00fchren (s. \u00a7 3 Buchst. d).<\/span><\/p><p><span style=\"font-weight: 400;\">Die Vereinsfahnen und B\u00e4nder werden dem Heimatmuseum Wolfratshauen \u00fcbergeben. Dabei soll vereinbart werden, dass im Falle einer Neugr\u00fcndung eines Vereins derselben Zielsetzung in Neufahrn die Fahnen und B\u00e4nder diesem neu gegr\u00fcndeten Verein wieder herausgegeben werden.<\/span><\/p><p><b>21 Inkrafttretung<\/b><\/p><p><span style=\"font-weight: 400;\">Diese Vereinsatzung tritt mit Eintragung ins Vereinsregister vom 02.10.2014<\/span> <span style=\"font-weight: 400;\">in Kraft.<\/span><\/p><p><span style=\"font-weight: 400;\">Mit Inkrafttretung dieser Satzung verlieren alle vorhergehenden Fassungen ihre G\u00fcltigkeit.<\/span><\/p><p><b>22 Salvatorische Klausel<\/b><\/p><p><span style=\"font-weight: 400;\">Sollte eine Bestimmung dieser Satzung unwirksam sein, wird die Wirksamkeit der \u00fcbrigen Bestimmungen davon nicht ber\u00fchrt. Der Vereinsausschuss verpflichtet sich, anstelle der unwirksamen Bestimmung eine dieser Bestimmung m\u00f6glichst nahe kommende, wirksame Regelung zu treffen.<\/span><\/p>\t\t\t\t\t\t\t\t<\/div>\n\t\t\t\t<\/div>\n\t\t\t\t\t<\/div>\n\t\t\t\t<\/div>\n\t\t<div class=\"elementor-element elementor-element-243107e8 e-con-full e-flex e-con e-parent\" data-id=\"243107e8\" data-element_type=\"container\" data-e-type=\"container\" data-settings=\"{&quot;background_background&quot;:&quot;classic&quot;}\">\n\t\t\t\t<div class=\"elementor-element elementor-element-2efdab66 elementor-widget elementor-widget-heading\" data-id=\"2efdab66\" data-element_type=\"widget\" data-e-type=\"widget\" data-widget_type=\"heading.default\">\n\t\t\t\t<div class=\"elementor-widget-container\">\n\t\t\t\t\t<h2 class=\"elementor-heading-title elementor-size-default\">Veiglbergler Neufahrn e.V.<\/h2>\t\t\t\t<\/div>\n\t\t\t\t<\/div>\n\t\t<div class=\"elementor-element elementor-element-738d08a1 e-con-full e-flex e-con e-child\" data-id=\"738d08a1\" data-element_type=\"container\" data-e-type=\"container\">\n\t\t\t\t<div class=\"elementor-element elementor-element-32d3853c elementor-align-left elementor-widget elementor-widget-button\" data-id=\"32d3853c\" data-element_type=\"widget\" data-e-type=\"widget\" data-widget_type=\"button.default\">\n\t\t\t\t<div class=\"elementor-widget-container\">\n\t\t\t\t\t\t\t\t\t<div class=\"elementor-button-wrapper\">\n\t\t\t\t\t<a class=\"elementor-button elementor-button-link elementor-size-sm elementor-animation-grow\" href=\"https:\/\/www.veiglbergler.de\/index.php\/satzung\/\">\n\t\t\t\t\t\t<span class=\"elementor-button-content-wrapper\">\n\t\t\t\t\t\t\t\t\t<span class=\"elementor-button-text\">Satzung<\/span>\n\t\t\t\t\t<\/span>\n\t\t\t\t\t<\/a>\n\t\t\t\t<\/div>\n\t\t\t\t\t\t\t\t<\/div>\n\t\t\t\t<\/div>\n\t\t\t\t<div class=\"elementor-element elementor-element-69b058be elementor-align-left elementor-widget elementor-widget-button\" data-id=\"69b058be\" data-element_type=\"widget\" data-e-type=\"widget\" data-widget_type=\"button.default\">\n\t\t\t\t<div class=\"elementor-widget-container\">\n\t\t\t\t\t\t\t\t\t<div class=\"elementor-button-wrapper\">\n\t\t\t\t\t<a class=\"elementor-button elementor-button-link elementor-size-sm elementor-animation-grow\" href=\"https:\/\/www.veiglbergler.de\/index.php\/impressum\/\">\n\t\t\t\t\t\t<span class=\"elementor-button-content-wrapper\">\n\t\t\t\t\t\t\t\t\t<span class=\"elementor-button-text\">Impressum<\/span>\n\t\t\t\t\t<\/span>\n\t\t\t\t\t<\/a>\n\t\t\t\t<\/div>\n\t\t\t\t\t\t\t\t<\/div>\n\t\t\t\t<\/div>\n\t\t\t\t<div class=\"elementor-element elementor-element-5aab6edf elementor-align-left elementor-widget elementor-widget-button\" data-id=\"5aab6edf\" data-element_type=\"widget\" data-e-type=\"widget\" data-widget_type=\"button.default\">\n\t\t\t\t<div class=\"elementor-widget-container\">\n\t\t\t\t\t\t\t\t\t<div class=\"elementor-button-wrapper\">\n\t\t\t\t\t<a class=\"elementor-button elementor-button-link elementor-size-sm elementor-animation-grow\" href=\"https:\/\/www.veiglbergler.de\/index.php\/links\/\">\n\t\t\t\t\t\t<span class=\"elementor-button-content-wrapper\">\n\t\t\t\t\t\t\t\t\t<span class=\"elementor-button-text\">Links<\/span>\n\t\t\t\t\t<\/span>\n\t\t\t\t\t<\/a>\n\t\t\t\t<\/div>\n\t\t\t\t\t\t\t\t<\/div>\n\t\t\t\t<\/div>\n\t\t\t\t<\/div>\n\t\t\t\t<div class=\"elementor-element elementor-element-60d99bb4 elementor-widget-mobile__width-inherit elementor-widget elementor-widget-heading\" data-id=\"60d99bb4\" data-element_type=\"widget\" data-e-type=\"widget\" data-widget_type=\"heading.default\">\n\t\t\t\t<div class=\"elementor-widget-container\">\n\t\t\t\t\t<p class=\"elementor-heading-title elementor-size-default\">Kontakt: veiglbergler@gmx.de<\/p>\t\t\t\t<\/div>\n\t\t\t\t<\/div>\n\t\t\t\t<\/div>\n\t\t<div class=\"elementor-element elementor-element-446e8bc4 e-con-full e-flex e-con e-parent\" data-id=\"446e8bc4\" data-element_type=\"container\" data-e-type=\"container\" data-settings=\"{&quot;background_background&quot;:&quot;classic&quot;}\">\n\t\t\t\t<div class=\"elementor-element elementor-element-1c01f1c2 elementor-widget elementor-widget-heading\" data-id=\"1c01f1c2\" data-element_type=\"widget\" data-e-type=\"widget\" data-widget_type=\"heading.default\">\n\t\t\t\t<div class=\"elementor-widget-container\">\n\t\t\t\t\t<p class=\"elementor-heading-title elementor-size-default\">Copyright \u00a9 Veiglbergler Neufahrn e.V. 2022-2025 alle Rechte vorbehalten.<\/p>\t\t\t\t<\/div>\n\t\t\t\t<\/div>\n\t\t\t\t<\/div>\n\t\t\t\t<\/div>\n\t\t","protected":false},"excerpt":{"rendered":"<p>Satzung des Gebirgstrachten-Erhaltungs-Vereins \u201eVeiglbergler\u201c Neufahrn e. V. \u00a0 1 Name, Sitz und Vereinsjahr Der Verein f\u00fchrt den Namen \u201eGebirgstrachten-Erhaltungs-Verein Veiglbergler Neufahrn e. V.\u201c. Der Verein hat seinen Sitz in Neufahrn und ist im Vereinsregister des Amtsgerichts M\u00fcnchen eingetragen. Das Vereinsjahr geht von Jahreshauptversammlung zu Jahreshauptversammlung, die jeweils im November stattfinden soll. 2 Zweck des Vereins [&hellip;]<\/p>\n","protected":false},"author":1,"featured_media":0,"parent":0,"menu_order":0,"comment_status":"closed","ping_status":"closed","template":"","meta":{"ocean_post_layout":"full-screen","ocean_both_sidebars_style":"","ocean_both_sidebars_content_width":0,"ocean_both_sidebars_sidebars_width":0,"ocean_sidebar":"","ocean_second_sidebar":"","ocean_disable_margins":"enable","ocean_add_body_class":"","ocean_shortcode_before_top_bar":"","ocean_shortcode_after_top_bar":"","ocean_shortcode_before_header":"","ocean_shortcode_after_header":"","ocean_has_shortcode":"","ocean_shortcode_after_title":"","ocean_shortcode_before_footer_widgets":"","ocean_shortcode_after_footer_widgets":"","ocean_shortcode_before_footer_bottom":"","ocean_shortcode_after_footer_bottom":"","ocean_display_top_bar":"off","ocean_display_header":"default","ocean_header_style":"","ocean_center_header_left_menu":"","ocean_custom_header_template":"","ocean_custom_logo":0,"ocean_custom_retina_logo":0,"ocean_custom_logo_max_width":0,"ocean_custom_logo_tablet_max_width":0,"ocean_custom_logo_mobile_max_width":0,"ocean_custom_logo_max_height":0,"ocean_custom_logo_tablet_max_height":0,"ocean_custom_logo_mobile_max_height":0,"ocean_header_custom_menu":"","ocean_menu_typo_font_family":"","ocean_menu_typo_font_subset":"","ocean_menu_typo_font_size":0,"ocean_menu_typo_font_size_tablet":0,"ocean_menu_typo_font_size_mobile":0,"ocean_menu_typo_font_size_unit":"px","ocean_menu_typo_font_weight":"","ocean_menu_typo_font_weight_tablet":"","ocean_menu_typo_font_weight_mobile":"","ocean_menu_typo_transform":"","ocean_menu_typo_transform_tablet":"","ocean_menu_typo_transform_mobile":"","ocean_menu_typo_line_height":0,"ocean_menu_typo_line_height_tablet":0,"ocean_menu_typo_line_height_mobile":0,"ocean_menu_typo_line_height_unit":"","ocean_menu_typo_spacing":0,"ocean_menu_typo_spacing_tablet":0,"ocean_menu_typo_spacing_mobile":0,"ocean_menu_typo_spacing_unit":"","ocean_menu_link_color":"","ocean_menu_link_color_hover":"","ocean_menu_link_color_active":"","ocean_menu_link_background":"","ocean_menu_link_hover_background":"","ocean_menu_link_active_background":"","ocean_menu_social_links_bg":"","ocean_menu_social_hover_links_bg":"","ocean_menu_social_links_color":"","ocean_menu_social_hover_links_color":"","ocean_disable_title":"on","ocean_disable_heading":"default","ocean_post_title":"","ocean_post_subheading":"","ocean_post_title_style":"","ocean_post_title_background_color":"","ocean_post_title_background":0,"ocean_post_title_bg_image_position":"","ocean_post_title_bg_image_attachment":"","ocean_post_title_bg_image_repeat":"","ocean_post_title_bg_image_size":"","ocean_post_title_height":0,"ocean_post_title_bg_overlay":0.5,"ocean_post_title_bg_overlay_color":"","ocean_disable_breadcrumbs":"default","ocean_breadcrumbs_color":"","ocean_breadcrumbs_separator_color":"","ocean_breadcrumbs_links_color":"","ocean_breadcrumbs_links_hover_color":"","ocean_display_footer_widgets":"off","ocean_display_footer_bottom":"off","ocean_custom_footer_template":"","footnotes":""},"class_list":["post-22","page","type-page","status-publish","hentry","entry"],"_links":{"self":[{"href":"https:\/\/www.veiglbergler.de\/index.php\/wp-json\/wp\/v2\/pages\/22","targetHints":{"allow":["GET"]}}],"collection":[{"href":"https:\/\/www.veiglbergler.de\/index.php\/wp-json\/wp\/v2\/pages"}],"about":[{"href":"https:\/\/www.veiglbergler.de\/index.php\/wp-json\/wp\/v2\/types\/page"}],"author":[{"embeddable":true,"href":"https:\/\/www.veiglbergler.de\/index.php\/wp-json\/wp\/v2\/users\/1"}],"replies":[{"embeddable":true,"href":"https:\/\/www.veiglbergler.de\/index.php\/wp-json\/wp\/v2\/comments?post=22"}],"version-history":[{"count":0,"href":"https:\/\/www.veiglbergler.de\/index.php\/wp-json\/wp\/v2\/pages\/22\/revisions"}],"wp:attachment":[{"href":"https:\/\/www.veiglbergler.de\/index.php\/wp-json\/wp\/v2\/media?parent=22"}],"curies":[{"name":"wp","href":"https:\/\/api.w.org\/{rel}","templated":true}]}}